{"id":161,"date":"2024-04-30T19:45:22","date_gmt":"2024-04-30T19:45:22","guid":{"rendered":"https:\/\/www.compratusegurodevida.com\/?page_id=161"},"modified":"2025-11-13T19:30:27","modified_gmt":"2025-11-13T19:30:27","slug":"contactenos","status":"publish","type":"page","link":"https:\/\/www.compratusegurodevida.com\/en\/contactenos\/","title":{"rendered":"Contact Us"},"content":{"rendered":"<section class=\"l-section wpb_row us_custom_b03640aa height_medium\"><div class=\"l-section-h i-cf\"><div class=\"g-cols vc_row via_grid cols_2 laptops-cols_inherit tablets-cols_1 mobiles-cols_1 valign_top type_default stacking_default\" style=\"--columns-gap:20px;\"><div class=\"wpb_column vc_column_container us_custom_0ab2621b has_bg_color\"><div class=\"vc_column-inner\"><div class=\"wpb_text_column\"><div class=\"wpb_wrapper\"><h3>Contact SBM directly<\/h3>\n<p>For more information about our insurance solutions designed to protect your entire family and provide peace of mind at every stage of life, contact us<\/p>\n<\/div><\/div><div class=\"w-separator size_small\"><\/div><div class=\"w-iconbox icons_contact iconpos_left style_circle color_primary align_left\"><div class=\"w-iconbox-icon\" style=\"font-size:1.5rem;\"><i class=\"fas fa-phone\"><\/i><\/div><div class=\"w-iconbox-meta\"><h6 class=\"w-iconbox-title\">Phone<\/h6><div class=\"w-iconbox-text\"><p>+1 (813) 3705869<\/p>\n<\/div><\/div><\/div><div class=\"w-separator size_small\"><\/div><div class=\"w-iconbox icons_contact iconpos_left style_circle color_primary align_none\"><div class=\"w-iconbox-icon\" style=\"font-size:1.5rem;\"><i class=\"fas fa-envelope\"><\/i><\/div><div class=\"w-iconbox-meta\"><h6 class=\"w-iconbox-title\">Email<\/h6><div class=\"w-iconbox-text\"><p>admin@sbmsolutions.agency<\/p>\n<\/div><\/div><\/div><div class=\"w-separator size_small\"><\/div><div class=\"w-iconbox icons_contact iconpos_left style_circle color_primary align_none\"><div class=\"w-iconbox-icon\" style=\"font-size:1.5rem;\"><i class=\"fas fa-map-marker-alt\"><\/i><\/div><div class=\"w-iconbox-meta\"><h6 class=\"w-iconbox-title\">Address<\/h6><div class=\"w-iconbox-text\"><p>16300 Katy Fwy Suite 120, Houston Tx 77449<\/p>\n<\/div><\/div><\/div><div class=\"w-separator size_small\"><\/div><div class=\"w-btn-wrapper align_none\"><a class=\"w-btn us-btn-style_1 btn_whatsapp\" href=\"https:\/\/api.whatsapp.com\/send\/?phone=18133705869&amp;text=Hi+*SBM+Solutions*!+I+need+more+info+about+Cont\u00e1ctenos+http:\/\/66.45.228.57\/~sbmsolutionss\/en\/contactenos&amp;type=phone_number&amp;app_absent=0\"><span class=\"w-btn-label\">Write to us on WhatsApp. Click here.<\/span><\/a><\/div><\/div><\/div><div class=\"wpb_column vc_column_container us_custom_2f9ce7f0 has_bg_color\"><div class=\"vc_column-inner\"><div class=\"w-image us_custom_b99d620c hide_on_default hide_on_laptops align_center\"><div class=\"w-image-h\"><img decoding=\"async\" width=\"704\" height=\"697\" src=\"https:\/\/www.compratusegurodevida.com\/wp-content\/uploads\/2025\/11\/contact_banner.png\" class=\"attachment-completo size-completo\" alt=\"\" loading=\"lazy\" srcset=\"https:\/\/www.compratusegurodevida.com\/wp-content\/uploads\/2025\/11\/contact_banner.png 704w, https:\/\/www.compratusegurodevida.com\/wp-content\/uploads\/2025\/11\/contact_banner-300x297.png 300w, https:\/\/www.compratusegurodevida.com\/wp-content\/uploads\/2025\/11\/contact_banner-150x150.png 150w, https:\/\/www.compratusegurodevida.com\/wp-content\/uploads\/2025\/11\/contact_banner-12x12.png 12w\" sizes=\"auto, (max-width: 704px) 100vw, 704px\" \/><\/div><\/div><\/div><\/div><\/div><\/div><\/section><section class=\"l-section wpb_row height_medium\"><div class=\"l-section-h i-cf\"><div class=\"g-cols vc_row via_grid cols_2 laptops-cols_inherit tablets-cols_inherit mobiles-cols_1 valign_middle type_default stacking_default\"><div class=\"wpb_column vc_column_container\"><div class=\"vc_column-inner\"><div class=\"wpb_text_column us_custom_2e9da019\"><div class=\"wpb_wrapper\"><h3>Do you want insurance? Fill out the form.<\/h3>\n<p>For more information about our insurance solutions designed to protect your entire family and provide peace of mind at every stage of life, contact us<\/p>\n<\/div><\/div><\/div><\/div><div class=\"wpb_column vc_column_container\"><div class=\"vc_column-inner\"><form class=\"w-form  us-field-style_1 layout_ver show_message_after_sending for_cform us_form_1\" action=\"https:\/\/www.compratusegurodevida.com\/en\/en\/wp-json\/wp\/v2\/pages\/161\" method=\"post\" data-trp-original-action=\"https:\/\/www.compratusegurodevida.com\/en\/en\/wp-json\/wp\/v2\/pages\/161\"><div class=\"w-form-h\"><div class=\"w-form-row for_text\">\r\n\t\t<div class=\"w-form-row-field\">\r\n\t\t\t\t\t\t<input aria-label=\"Name\" type=\"text\" name=\"us_form_1_text_1\" value placeholder=\"Name\"\/>\r\n\t\t\t<\/div>\r\n\t\t<div class=\"w-form-row-state\">Fill out this field<\/div>\r\n<\/div>\r\n<div class=\"w-form-row for_text required\">\r\n\t\t<div class=\"w-form-row-field\">\r\n\t\t\t\t\t\t<input aria-label=\"Apellido\" type=\"text\" name=\"us_form_1_text_2\" value placeholder=\"Apellido *\" data-required=\"true\" aria-required=\"true\"\/>\r\n\t\t\t<\/div>\r\n\t\t<div class=\"w-form-row-state\">Fill out this field<\/div>\r\n<\/div>\r\n<div class=\"w-form-row for_text required\">\r\n\t\t<div class=\"w-form-row-field\">\r\n\t\t\t\t\t\t<input aria-label=\"Phone\" inputmode=\"tel\" type=\"text\" name=\"us_form_1_text_3\" value placeholder=\"Phone\" data-required=\"true\" aria-required=\"true\"\/>\r\n\t\t\t<\/div>\r\n\t\t<div class=\"w-form-row-state\">Fill out this field<\/div>\r\n<\/div>\r\n<div class=\"w-form-row for_email\">\r\n\t\t<div class=\"w-form-row-field\">\r\n\t\t\t\t\t\t<input aria-label=\"Email\" type=\"email\" name=\"us_form_1_email_1\" value placeholder=\"Email\"\/>\r\n\t\t\t<\/div>\r\n\t\t<div class=\"w-form-row-state\">Please enter a valid email address.<\/div>\r\n<\/div>\r\n<div class=\"w-form-row for_textarea\">\r\n\t\t<div class=\"w-form-row-field\">\r\n\t\t\t\t\t\t<textarea aria-label=\"What is your requirement?\" name=\"us_form_1_textarea_1\" placeholder=\"What is your requirement?\"><\/textarea>\r\n\t\t\t<\/div>\r\n\t\t<div class=\"w-form-row-state\">Fill out this field<\/div>\r\n<\/div>\r\n<input type=\"hidden\" name=\"action\" value=\"us_ajax_cform\" \/>\r\n<input type=\"hidden\" name=\"post_id\" value=\"0\" \/>\r\n<input type=\"hidden\" name=\"form_index\" value=\"1\" \/>\r\n<div class=\"w-form-row for_submit align_none\">\r\n\t<button class=\"w-btn  us-btn-style_1\" aria-label=\"Submit\" type=\"submit\">\r\n\t\t<span class=\"g-preloader type_1\"><\/span>\r\n\t\t\t\t<span class=\"w-btn-label\">Submit<\/span>\r\n\t\t\t<\/button>\r\n\t<\/div>\r\n<\/div><div class=\"w-form-message\"><\/div><div class=\"w-form-json hidden\" onclick='return {&quot;ajaxurl&quot;:&quot;https:\\\/\\\/www.compratusegurodevida.com\\\/wp-admin\\\/admin-ajax.php&quot;,&quot;messages&quot;:{&quot;err_empty&quot;:&quot;Fill out this field&quot;,&quot;err_size&quot;:&quot;File size cannot exceed %s MB&quot;,&quot;err_extension&quot;:&quot;%s file type is not allowed&quot;,&quot;err_recaptcha_keys&quot;:&quot;reCAPTCHA keys are incorrect&quot;}}'><\/div><input type=\"hidden\" name=\"trp-form-language\" value=\"en\"\/><\/form><\/div><\/div><\/div><\/div><\/section>","protected":false},"excerpt":{"rendered":"Contacta SBM directamente Para obtener m\u00e1s informaci\u00f3n sobre nuestras soluciones de seguro dise\u00f1adas para proteger a toda tu familia y brindar tranquilidad en cada etapa de la vida, cont\u00e1ctanos Phone+1 (813) 3705869 Emailadmin@sbmsolutions.agency Address16300 Katy Fwy Suite 120, Houston Tx 77449 Escr\u00eebenos en Whatsapp. Click here\u00bfQuieres un Seguro? Llena el formulario Para obtener m\u00e1s informaci\u00f3n...","protected":false},"author":1,"featured_media":9611,"parent":0,"menu_order":0,"comment_status":"closed","ping_status":"closed","template":"","meta":{"_joinchat":[],"footnotes":""},"class_list":["post-161","page","type-page","status-publish","has-post-thumbnail","hentry"],"aioseo_notices":[],"_links":{"self":[{"href":"https:\/\/www.compratusegurodevida.com\/en\/wp-json\/wp\/v2\/pages\/161","targetHints":{"allow":["GET"]}}],"collection":[{"href":"https:\/\/www.compratusegurodevida.com\/en\/wp-json\/wp\/v2\/pages"}],"about":[{"href":"https:\/\/www.compratusegurodevida.com\/en\/wp-json\/wp\/v2\/types\/page"}],"author":[{"embeddable":true,"href":"https:\/\/www.compratusegurodevida.com\/en\/wp-json\/wp\/v2\/users\/1"}],"replies":[{"embeddable":true,"href":"https:\/\/www.compratusegurodevida.com\/en\/wp-json\/wp\/v2\/comments?post=161"}],"version-history":[{"count":19,"href":"https:\/\/www.compratusegurodevida.com\/en\/wp-json\/wp\/v2\/pages\/161\/revisions"}],"predecessor-version":[{"id":9590,"href":"https:\/\/www.compratusegurodevida.com\/en\/wp-json\/wp\/v2\/pages\/161\/revisions\/9590"}],"wp:featuredmedia":[{"embeddable":true,"href":"https:\/\/www.compratusegurodevida.com\/en\/wp-json\/wp\/v2\/media\/9611"}],"wp:attachment":[{"href":"https:\/\/www.compratusegurodevida.com\/en\/wp-json\/wp\/v2\/media?parent=161"}],"curies":[{"name":"wp","href":"https:\/\/api.w.org\/{rel}","templated":true}]}}