{"id":163,"date":"2024-04-30T19:54:20","date_gmt":"2024-04-30T19:54:20","guid":{"rendered":"https:\/\/www.compratusegurodevida.com\/?page_id=163"},"modified":"2025-11-13T20:10:01","modified_gmt":"2025-11-13T20:10:01","slug":"obten-un-seguro-de-vida","status":"publish","type":"page","link":"https:\/\/www.compratusegurodevida.com\/en\/obten-un-seguro-de-vida\/","title":{"rendered":"Get life insurance"},"content":{"rendered":"<section class=\"l-section wpb_row height_medium\"><div class=\"l-section-h i-cf\"><div class=\"g-cols vc_row via_grid cols_1 laptops-cols_inherit tablets-cols_inherit mobiles-cols_1 valign_top type_default stacking_default\"><div class=\"wpb_column vc_column_container\"><div class=\"vc_column-inner\"><div class=\"w-image align_center\"><div class=\"w-image-h\"><img decoding=\"async\" width=\"1381\" height=\"278\" src=\"https:\/\/www.compratusegurodevida.com\/wp-content\/uploads\/2025\/11\/Seguro-de-vida-Banner-1.png\" class=\"attachment-full size-full\" alt=\"\" loading=\"lazy\" srcset=\"https:\/\/www.compratusegurodevida.com\/wp-content\/uploads\/2025\/11\/Seguro-de-vida-Banner-1.png 1381w, https:\/\/www.compratusegurodevida.com\/wp-content\/uploads\/2025\/11\/Seguro-de-vida-Banner-1-300x60.png 300w, https:\/\/www.compratusegurodevida.com\/wp-content\/uploads\/2025\/11\/Seguro-de-vida-Banner-1-1024x206.png 1024w, https:\/\/www.compratusegurodevida.com\/wp-content\/uploads\/2025\/11\/Seguro-de-vida-Banner-1-18x4.png 18w\" sizes=\"auto, (max-width: 1381px) 100vw, 1381px\" \/><\/div><\/div><div class=\"w-separator size_medium\"><\/div><div class=\"g-cols wpb_row via_grid cols_2 laptops-cols_inherit tablets-cols_inherit mobiles-cols_1 valign_top type_default stacking_default\" style=\"--columns-gap:3rem;\"><div class=\"wpb_column vc_column_container\"><div class=\"vc_column-inner\"><h3 style=\"text-align: left\" class=\"vc_custom_heading\" >The Peace of Mind Your Family Needs<\/h3><div class=\"wpb_text_column\"><div class=\"wpb_wrapper\"><p>At SBM Solutions, we understand that your family is your top priority. That\u2019s why we offer life insurance policies designed to provide you with the peace of mind and protection you need. Our life insurance policies offer benefits such as:<\/p>\n<p><strong>Financial Security:<\/strong> Ensures the financial well-being of your family in case of your absence<\/p>\n<p><strong>Protected Inheritance:<\/strong> Ensures that your loved ones receive an inheritance without complications.<\/p>\n<p><strong>Peace of Mind:<\/strong> Rest assured knowing that your loved ones will be protected.<\/p>\n<\/div><\/div><div class=\"w-separator size_small\"><\/div><div class=\"wpb_text_column\"><div class=\"wpb_wrapper\"><h6><strong>Don\u2019t leave your family\u2019s future to chance.<\/strong> Get life insurance with SBM Solutions and secure a safe tomorrow for those you love the most.<\/h6>\n<\/div><\/div><\/div><\/div><div class=\"wpb_column vc_column_container type_sticky\"><div class=\"vc_column-inner\"><h4 style=\"text-align: left\" class=\"vc_custom_heading\" >Get Your Life Insurance<\/h4><div class=\"wpb_text_column\"><div class=\"wpb_wrapper\"><p>Fill out the form below to contact you by phone and secure you in the program that best fits your budget. If you are between 35 and 45 years old, monthly payments range from $80 to $180 depending on how much you want your family to receive.<\/p>\n<\/div><\/div><div class=\"w-separator size_custom\" style=\"height:5px\"><\/div><form class=\"w-form  us-field-style_1 layout_ver show_message_after_sending for_cform us_form_1\" action=\"https:\/\/www.compratusegurodevida.com\/en\/en\/wp-json\/wp\/v2\/pages\/163\" method=\"post\" data-trp-original-action=\"https:\/\/www.compratusegurodevida.com\/en\/en\/wp-json\/wp\/v2\/pages\/163\"><div class=\"w-form-h\"><div class=\"w-form-row for_text required\">\r\n\t\t<div class=\"w-form-row-field\">\r\n\t\t\t\t\t\t<input aria-label=\"Name\" type=\"text\" name=\"us_form_1_text_1\" value placeholder=\"Name\" data-required=\"true\" aria-required=\"true\"\/>\r\n\t\t\t<\/div>\r\n\t\t<div class=\"w-form-row-state\">Fill out this field<\/div>\r\n<\/div>\r\n<div class=\"w-form-row for_email required\">\r\n\t\t<div class=\"w-form-row-field\">\r\n\t\t\t\t\t\t<input aria-label=\"Email\" type=\"email\" name=\"us_form_1_email_1\" value placeholder=\"Email\" data-required=\"true\" aria-required=\"true\"\/>\r\n\t\t\t<\/div>\r\n\t\t<div class=\"w-form-row-state\">Please enter a valid email address.<\/div>\r\n<\/div>\r\n<div class=\"w-form-row for_text required\">\r\n\t\t<div class=\"w-form-row-field\">\r\n\t\t\t\t\t\t<input aria-label=\"Phone\" inputmode=\"tel\" type=\"text\" name=\"us_form_1_text_2\" value placeholder=\"Phone\" data-required=\"true\" aria-required=\"true\"\/>\r\n\t\t\t<\/div>\r\n\t\t<div class=\"w-form-row-state\">Fill out this field<\/div>\r\n<\/div>\r\n<div class=\"w-form-row for_text required\">\r\n\t\t<div class=\"w-form-row-field\">\r\n\t\t\t\t\t\t<input aria-label=\"Ocupaccion\" type=\"text\" name=\"us_form_1_text_3\" value placeholder=\"Ocupaccion *\" data-required=\"true\" aria-required=\"true\"\/>\r\n\t\t\t<\/div>\r\n\t\t<div class=\"w-form-row-state\">Fill out this field<\/div>\r\n<\/div>\r\n<div class=\"w-form-row for_select has_label\">\r\n\t\t\t<div class=\"w-form-row-label\">\r\n\t\t\t<span>How much do you want to insure for?<\/span>\r\n\t\t<\/div>\r\n\t\t<div class=\"w-form-row-field\">\r\n\t\t\t\t\t\t<select aria-label=\"How much do you want to insure for?\" name=\"us_form_1_select_1\">\r\n\t\t\t<option value=\"$ 100 MIL\">$ 100 MIL<\/option><option value=\"$ 400 MIL\">$ 400 MIL<\/option><option value=\"$ 1 MILLON\">$ 1 MILLON<\/option><option value=\"$ 2 MILLONES\">$ 2 MILLONES<\/option>\t\t<\/select>\r\n\t\t\t<\/div>\r\n\t\t<div class=\"w-form-row-state\">Select an option<\/div>\r\n<\/div>\r\n<div class=\"w-form-row for_agreement required\">\r\n\t\t<div class=\"w-form-row-field\">\r\n\t\t\t\t<label>\r\n\t\t\t<input type=\"checkbox\" value=\"1\" data-required=\"true\" aria-required=\"true\" name=\"us_form_1_agreement_1\"\/>\r\n\t\t\t<span>By pressing the button, you confirm that you want to have a life insurance policy and wish to be contacted by an agent.<\/span>\r\n\t\t<\/label>\r\n\t\t\t<\/div>\r\n\t\t<div class=\"w-form-row-state\">You need to agree with the terms to proceed<\/div>\r\n<\/div>\r\n<input type=\"hidden\" name=\"action\" value=\"us_ajax_cform\" \/>\r\n<input type=\"hidden\" name=\"post_id\" value=\"0\" \/>\r\n<input type=\"hidden\" name=\"form_index\" value=\"1\" \/>\r\n<div class=\"w-form-row for_submit align_none\">\r\n\t<button class=\"w-btn  us-btn-style_1\" aria-label=\"Submit\" type=\"submit\">\r\n\t\t<span class=\"g-preloader type_1\"><\/span>\r\n\t\t\t\t<span class=\"w-btn-label\">Submit<\/span>\r\n\t\t\t<\/button>\r\n\t<\/div>\r\n<\/div><div class=\"w-form-message\"><\/div><div class=\"w-form-json hidden\" onclick='return {&quot;ajaxurl&quot;:&quot;https:\\\/\\\/www.compratusegurodevida.com\\\/wp-admin\\\/admin-ajax.php&quot;,&quot;messages&quot;:{&quot;err_empty&quot;:&quot;Fill out this field&quot;,&quot;err_size&quot;:&quot;File size cannot exceed %s MB&quot;,&quot;err_extension&quot;:&quot;%s file type is not allowed&quot;,&quot;err_recaptcha_keys&quot;:&quot;reCAPTCHA keys are incorrect&quot;}}'><\/div><input type=\"hidden\" name=\"trp-form-language\" value=\"en\"\/><\/form><div class=\"w-separator size_small\"><\/div><div class=\"w-image us_custom_6394feb1 align_center\"><div class=\"w-image-h\"><img decoding=\"async\" width=\"559\" height=\"187\" src=\"https:\/\/www.compratusegurodevida.com\/wp-content\/uploads\/2025\/11\/ssl-img.svg\" class=\"attachment-full size-full\" alt=\"\" loading=\"lazy\" \/><\/div><\/div><\/div><\/div><\/div><\/div><\/div><\/div><\/div><\/section>","protected":false},"excerpt":{"rendered":"La Paz Mental que Necesitas para tu FamiliaEn SBM Solutions, entendemos que tu familia es lo m\u00e1s importante para ti. Es por eso que ofrecemos seguros de vida dise\u00f1ados para proporcionarte la tranquilidad y protecci\u00f3n que necesitas. Nuestros seguros de vida ofrecen beneficios como: Seguridad Financiera: Garantiza el bienestar econ\u00f3mico de tu familia en caso...","protected":false},"author":1,"featured_media":9620,"parent":0,"menu_order":0,"comment_status":"closed","ping_status":"closed","template":"","meta":{"_joinchat":[],"footnotes":""},"class_list":["post-163","page","type-page","status-publish","has-post-thumbnail","hentry"],"aioseo_notices":[],"_links":{"self":[{"href":"https:\/\/www.compratusegurodevida.com\/en\/wp-json\/wp\/v2\/pages\/163","targetHints":{"allow":["GET"]}}],"collection":[{"href":"https:\/\/www.compratusegurodevida.com\/en\/wp-json\/wp\/v2\/pages"}],"about":[{"href":"https:\/\/www.compratusegurodevida.com\/en\/wp-json\/wp\/v2\/types\/page"}],"author":[{"embeddable":true,"href":"https:\/\/www.compratusegurodevida.com\/en\/wp-json\/wp\/v2\/users\/1"}],"replies":[{"embeddable":true,"href":"https:\/\/www.compratusegurodevida.com\/en\/wp-json\/wp\/v2\/comments?post=163"}],"version-history":[{"count":17,"href":"https:\/\/www.compratusegurodevida.com\/en\/wp-json\/wp\/v2\/pages\/163\/revisions"}],"predecessor-version":[{"id":9618,"href":"https:\/\/www.compratusegurodevida.com\/en\/wp-json\/wp\/v2\/pages\/163\/revisions\/9618"}],"wp:featuredmedia":[{"embeddable":true,"href":"https:\/\/www.compratusegurodevida.com\/en\/wp-json\/wp\/v2\/media\/9620"}],"wp:attachment":[{"href":"https:\/\/www.compratusegurodevida.com\/en\/wp-json\/wp\/v2\/media?parent=163"}],"curies":[{"name":"wp","href":"https:\/\/api.w.org\/{rel}","templated":true}]}}