{"id":171,"date":"2024-04-30T20:20:01","date_gmt":"2024-04-30T20:20:01","guid":{"rendered":"https:\/\/www.compratusegurodevida.com\/?page_id=171"},"modified":"2025-11-13T19:40:10","modified_gmt":"2025-11-13T19:40:10","slug":"seguro-de-vida","status":"publish","type":"page","link":"https:\/\/www.compratusegurodevida.com\/en\/seguro-de-vida\/","title":{"rendered":"Life Insurance"},"content":{"rendered":"<section class=\"l-section wpb_row us_custom_e11ab399 height_medium\"><div class=\"l-section-h i-cf\"><div class=\"g-cols vc_row via_grid cols_2 laptops-cols_inherit tablets-cols_inherit mobiles-cols_1 valign_middle type_default stacking_default\" style=\"--columns-gap:20px;\"><div class=\"wpb_column vc_column_container us_custom_f566a565\"><div class=\"vc_column-inner\"><div class=\"wpb_text_column\"><div class=\"wpb_wrapper\"><h3>Secure your future and that of your family toda<\/h3>\n<p>In life, we want our loved ones to be secure, no matter what happens. Our life insurance not only provides financial peace of mind in adverse situations but also offers comprehensive coverage for chronic, critical, terminal illnesses, and critical accidents. With our 'Flex Life' policies, you can start saving today to ensure a comfortable and stylish retirement. Ensure not only security but also a fulfilling and satisfactory future for you and your family.<\/p>\n<\/div><\/div><div class=\"w-btn-wrapper align_none hide_on_mobiles\"><a class=\"w-btn us-btn-style_1\" href=\"https:\/\/www.compratusegurodevida.com\/en\/obten-un-seguro-de-vida\/\"><span class=\"w-btn-label\">Get Started Now<\/span><\/a><\/div><\/div><\/div><div class=\"wpb_column vc_column_container\"><div class=\"vc_column-inner\"><div class=\"w-image us_custom_213e151c align_none\"><div class=\"w-image-h\"><img decoding=\"async\" width=\"707\" height=\"543\" src=\"https:\/\/www.compratusegurodevida.com\/wp-content\/uploads\/2024\/04\/Rectangle.webp\" class=\"attachment-full size-full\" alt=\"\" loading=\"lazy\" srcset=\"https:\/\/www.compratusegurodevida.com\/wp-content\/uploads\/2024\/04\/Rectangle.webp 707w, https:\/\/www.compratusegurodevida.com\/wp-content\/uploads\/2024\/04\/Rectangle-300x230.webp 300w\" sizes=\"auto, (max-width: 707px) 100vw, 707px\" \/><\/div><\/div><\/div><\/div><\/div><\/div><\/section><section class=\"l-section wpb_row us_custom_e11ab399 height_medium\"><div class=\"l-section-h i-cf\"><div class=\"g-cols vc_row via_grid cols_2 laptops-cols_inherit tablets-cols_inherit mobiles-cols_1 valign_middle type_default stacking_default\" style=\"--columns-gap:20px;\"><div class=\"wpb_column vc_column_container us_custom_f566a565\"><div class=\"vc_column-inner\"><div class=\"w-image us_custom_213e151c align_none\"><div class=\"w-image-h\"><img decoding=\"async\" width=\"893\" height=\"592\" src=\"https:\/\/www.compratusegurodevida.com\/wp-content\/uploads\/2025\/11\/Seguro-de-vida-img-11-1.webp\" class=\"attachment-full size-full\" alt=\"\" loading=\"lazy\" srcset=\"https:\/\/www.compratusegurodevida.com\/wp-content\/uploads\/2025\/11\/Seguro-de-vida-img-11-1.webp 893w, https:\/\/www.compratusegurodevida.com\/wp-content\/uploads\/2025\/11\/Seguro-de-vida-img-11-1-300x199.webp 300w, https:\/\/www.compratusegurodevida.com\/wp-content\/uploads\/2025\/11\/Seguro-de-vida-img-11-1-18x12.webp 18w\" sizes=\"auto, (max-width: 893px) 100vw, 893px\" \/><\/div><\/div><div class=\"w-separator size_medium\"><\/div><\/div><\/div><div class=\"wpb_column vc_column_container\"><div class=\"vc_column-inner\"><div class=\"wpb_text_column\"><div class=\"wpb_wrapper\"><h3>Secure and Enrich the Future<\/h3>\n<p>Each installment paid is a smart investment for your future and that of your family.<br \/>\nWith an Indexed Life policy, you'll have a tax-free death benefit for your family, which will help cover the mortgage, education, monthly bills, or final expenses.<br \/>\nIndexed life insurance offers a permanent policy that earns interest based on a stock market index. This means you'll have additional cash value alongside the death benefit. Therefore, these plans are an excellent choice for building wealth over time and benefiting from market-based interest. This approach provides solid long-term protection.<\/p>\n<p><strong>Benefits of indexed life insurance:<\/strong><\/p>\n<ul>\n<li>Accumulation of cash values in policies with deferred taxes.<\/li>\n<li>Access to cash values through loans and withdrawals to deal with emergencies, seize opportunities, or supplement income. You can also use the policy to supplement income during retirement.<\/li>\n<\/ul>\n<p>In addition, indexed life insurance stands out for its flexibility in premium payments and adjustable death benefits.<br \/>\nAsk us about Living Benefits and discover that THERE'S MORE TO LIFE when it comes to facing chronic, critical, or terminal illnesses.<\/p>\n<\/div><\/div><div class=\"w-btn-wrapper align_none hide_on_mobiles\"><a class=\"w-btn us-btn-style_1\" href=\"https:\/\/www.compratusegurodevida.com\/en\/obten-un-seguro-de-vida\/\"><span class=\"w-btn-label\">Get Started Now<\/span><\/a><\/div><\/div><\/div><\/div><\/div><\/section><section class=\"l-section wpb_row us_custom_e11ab399 height_medium\"><div class=\"l-section-h i-cf\"><div class=\"g-cols vc_row via_grid cols_2 laptops-cols_inherit tablets-cols_inherit mobiles-cols_1 valign_middle type_default stacking_default\" style=\"--columns-gap:20px;\"><div class=\"wpb_column vc_column_container us_custom_f566a565\"><div class=\"vc_column-inner\"><div class=\"wpb_text_column\"><div class=\"wpb_wrapper\"><h3 style=\"margin-bottom: 0 !important;\">FINAL EXPENSE INSURANCE<\/h3>\n<h5 style=\"padding-top: 0 !important;\"><em>Specialized Life Insurance<\/em><\/h5>\n<p>Final expense life insurance is different because it focuses on paying a very specific debt, namely, payments for funeral or cremation arrangements. However, the amount of the indemnity can be used for any other necessary expenses.<\/p>\n<p>Families often expect their loved one's estate to cover the cost of the funeral or that the funeral won't be too expensive. However, most families don't realize that the average cost of a funeral can be $8,000 or more.<\/p>\n<p>Final expense insurance aims to support beneficiaries in reducing the use of family savings to cover these costs and prevent families from overspending, especially when they know that there is a designated amount available with this final expense policy.<\/p>\n<\/div><\/div><div class=\"w-btn-wrapper align_none hide_on_mobiles\"><a class=\"w-btn us-btn-style_1\" href=\"https:\/\/www.compratusegurodevida.com\/en\/obten-un-seguro-de-vida\/\"><span class=\"w-btn-label\">Get Started Now<\/span><\/a><\/div><\/div><\/div><div class=\"wpb_column vc_column_container\"><div class=\"vc_column-inner\"><div class=\"w-image us_custom_56111ddc align_center\"><div class=\"w-image-h\"><img decoding=\"async\" width=\"753\" height=\"668\" src=\"https:\/\/www.compratusegurodevida.com\/wp-content\/uploads\/2025\/11\/Seguro-de-vida-Banner-img.png\" class=\"attachment-full size-full\" alt=\"\" loading=\"lazy\" srcset=\"https:\/\/www.compratusegurodevida.com\/wp-content\/uploads\/2025\/11\/Seguro-de-vida-Banner-img.png 753w, https:\/\/www.compratusegurodevida.com\/wp-content\/uploads\/2025\/11\/Seguro-de-vida-Banner-img-300x266.png 300w, https:\/\/www.compratusegurodevida.com\/wp-content\/uploads\/2025\/11\/Seguro-de-vida-Banner-img-14x12.png 14w\" sizes=\"auto, (max-width: 753px) 100vw, 753px\" \/><\/div><\/div><\/div><\/div><\/div><\/div><\/section><section class=\"l-section wpb_row height_medium\"><div class=\"l-section-h i-cf\"><div class=\"g-cols vc_row via_grid cols_1 laptops-cols_inherit tablets-cols_inherit mobiles-cols_1 valign_top type_default stacking_default\"><div class=\"wpb_column vc_column_container\"><div class=\"vc_column-inner\"><div class=\"g-cols wpb_row via_grid cols_2 laptops-cols_inherit tablets-cols_inherit mobiles-cols_1 valign_top type_default stacking_default\" style=\"--columns-gap:20px;\"><div class=\"wpb_column vc_column_container\"><div class=\"vc_column-inner\"><h3 style=\"text-align: left\" class=\"vc_custom_heading\" >Benefits<\/h3><\/div><\/div><div class=\"wpb_column vc_column_container\"><div class=\"vc_column-inner\"><div class=\"wpb_text_column\"><div class=\"wpb_wrapper\"><p>More than just life insurance, it's a promise of security and prosperity. Our insurance offers peace of mind by covering not only in case of death but also providing benefits during life.<\/p>\n<\/div><\/div><\/div><\/div><\/div><div class=\"w-separator size_medium\"><\/div><div class=\"g-cols wpb_row us_custom_e55bab74 via_grid cols_4 laptops-cols_4 tablets-cols_1 mobiles-cols_1 valign_top type_default stacking_default\" style=\"--columns-gap:1.5rem;\"><div class=\"wpb_column vc_column_container\"><div class=\"vc_column-inner\"><div class=\"w-flipbox animation_cardflip direction_w\"><div class=\"w-flipbox-h easing_easeInOutCirc\" style=\"transition-duration:0.5s;\"><div class=\"w-flipbox-hh\"><div class=\"w-flipbox-front us_custom_0731cfd8\" style=\"background:var(--color-header-middle-bg);color:var(--color-header-middle-text);\"><div class=\"w-flipbox-front-h\"><div class=\"w-flipbox-front-icon type_image\" style=\"width:4rem;\"><img loading=\"lazy\" decoding=\"async\" width=\"80\" height=\"78\" src=\"https:\/\/www.compratusegurodevida.com\/wp-content\/uploads\/2024\/04\/icon1.webp\" class=\"attachment-medium size-medium\" alt=\"\" \/><\/div><h3 class=\"w-flipbox-front-title\" style=\"font-size:1.5rem;\">Comprehensive Benefits<\/h3><\/div><\/div><div class=\"w-flipbox-back us_custom_0731cfd8\" style=\"display:none;background:var(--color-header-middle-text-hover);color:var(--color-header-middle-bg);\"><div class=\"w-flipbox-back-h\"><div class=\"w-flipbox-back-desc\"><p>Protect Today, Secure Tomorrow. Discover how our life insurance not only protects in case of death but also offers comprehensive coverage during life for illnesses and accidents, helping cover vital expenses like mortgages, children's education, or simply achieving a retirement with quality of life.<\/p>\n<\/div><\/div><\/div><\/div><\/div><\/div><\/div><\/div><div class=\"wpb_column vc_column_container\"><div class=\"vc_column-inner\"><div class=\"w-flipbox animation_cardflip direction_w\"><div class=\"w-flipbox-h easing_ease\" style=\"transition-duration:0.5s;\"><div class=\"w-flipbox-hh\"><div class=\"w-flipbox-front us_custom_0731cfd8\" style=\"background:var(--color-header-middle-bg);color:var(--color-header-middle-text);\"><div class=\"w-flipbox-front-h\"><div class=\"w-flipbox-front-icon type_image\" style=\"width:4rem;\"><img loading=\"lazy\" decoding=\"async\" width=\"80\" height=\"78\" src=\"https:\/\/www.compratusegurodevida.com\/wp-content\/uploads\/2024\/04\/icon3.webp\" class=\"attachment-medium size-medium\" alt=\"\" \/><\/div><h3 class=\"w-flipbox-front-title\" style=\"font-size:1.5rem;\">Tailored Solutions<\/h3><\/div><\/div><div class=\"w-flipbox-back us_custom_0731cfd8\" style=\"display:none;background:var(--color-header-middle-text-hover);color:var(--color-header-middle-bg);\"><div class=\"w-flipbox-back-h\"><div class=\"w-flipbox-back-desc\"><p>Design a plan that reflects your life. With our 'Flex Life' policies, customize your coverage and save for a retirement in your style, ensuring that your needs and those of your family are always covered.<\/p>\n<\/div><\/div><\/div><\/div><\/div><\/div><\/div><\/div><div class=\"wpb_column vc_column_container\"><div class=\"vc_column-inner\"><div class=\"w-flipbox animation_cardflip direction_w\"><div class=\"w-flipbox-h easing_ease\" style=\"transition-duration:0.5s;\"><div class=\"w-flipbox-hh\"><div class=\"w-flipbox-front us_custom_0731cfd8\" style=\"background:var(--color-header-middle-bg);color:var(--color-header-middle-text);\"><div class=\"w-flipbox-front-h\"><div class=\"w-flipbox-front-icon type_image\" style=\"width:4rem;\"><img loading=\"lazy\" decoding=\"async\" width=\"80\" height=\"78\" src=\"https:\/\/www.compratusegurodevida.com\/wp-content\/uploads\/2024\/04\/icon2.webp\" class=\"attachment-medium size-medium\" alt=\"\" \/><\/div><h3 class=\"w-flipbox-front-title\" style=\"font-size:1.5rem;\">Community Commitment<\/h3><\/div><\/div><div class=\"w-flipbox-back us_custom_0731cfd8\" style=\"display:none;background:var(--color-header-middle-text-hover);color:var(--color-header-middle-bg);\"><div class=\"w-flipbox-back-h\"><div class=\"w-flipbox-back-desc\"><p>Strengthening bonds, building future. We are dedicated to the progress and well-being of our community, collaborating closely with our clients to cultivate an environment of support and mutual growth.<\/p>\n<\/div><\/div><\/div><\/div><\/div><\/div><\/div><\/div><div class=\"wpb_column vc_column_container\"><div class=\"vc_column-inner\"><div class=\"w-flipbox animation_cardflip direction_w\"><div class=\"w-flipbox-h easing_ease\" style=\"transition-duration:0.5s;\"><div class=\"w-flipbox-hh\"><div class=\"w-flipbox-front us_custom_0731cfd8\" style=\"background:var(--color-header-middle-bg);color:var(--color-header-middle-text);\"><div class=\"w-flipbox-front-h\"><div class=\"w-flipbox-front-icon type_image\" style=\"width:4rem;\"><img loading=\"lazy\" decoding=\"async\" width=\"80\" height=\"78\" src=\"https:\/\/www.compratusegurodevida.com\/wp-content\/uploads\/2024\/04\/icon4.webp\" class=\"attachment-medium size-medium\" alt=\"\" \/><\/div><h3 class=\"w-flipbox-front-title\" style=\"font-size:1.5rem;\">Long-term<br>Prosperity<\/h3><\/div><\/div><div class=\"w-flipbox-back us_custom_0731cfd8\" style=\"display:none;background:var(--color-header-middle-text-hover);color:var(--color-header-middle-bg);\"><div class=\"w-flipbox-back-h\"><div class=\"w-flipbox-back-desc\"><p>Our goal is to ensure your long-term peace of mind by providing resources that allow you and your family to enjoy a life without financial worries.<\/p>\n<\/div><\/div><\/div><\/div><\/div><\/div><\/div><\/div><\/div><div class=\"g-cols wpb_row us_custom_eac59c77 via_grid cols_1 laptops-cols_inherit tablets-cols_inherit mobiles-cols_1 valign_top type_default stacking_default\" style=\"--columns-gap:3rem;\"><div class=\"wpb_column vc_column_container\"><div class=\"vc_column-inner\"><div class=\"w-btn-wrapper align_center\"><a class=\"w-btn us-btn-style_1\" href=\"https:\/\/www.compratusegurodevida.com\/en\/obten-un-seguro-de-vida\/\"><span class=\"w-btn-label\">Talk to an Agent<\/span><\/a><\/div><div class=\"w-separator size_medium\"><\/div><\/div><\/div><\/div><\/div><\/div><\/div><\/div><\/section><section class=\"l-section wpb_row us_custom_4024b686 height_medium\"><div class=\"l-section-h i-cf\"><div class=\"g-cols vc_row via_grid cols_2 laptops-cols_inherit tablets-cols_inherit mobiles-cols_1 valign_middle type_default stacking_default\"><div class=\"wpb_column vc_column_container\"><div class=\"vc_column-inner\"><div class=\"wpb_text_column us_custom_2e9da019\"><div class=\"wpb_wrapper\"><h3 style=\"text-align: center;\">We co-create your future<\/h3>\n<p style=\"text-align: center;\">We plan with you, not for you. Our collaborative approach ensures that each insurance plan reflects the real needs and expectations of our clients, integrating their voices in every decision. Our clients always decide.<\/p>\n<\/div><\/div><\/div><\/div><div class=\"wpb_column vc_column_container\"><div class=\"vc_column-inner\"><div class=\"w-btn-wrapper align_center\"><a class=\"w-btn us-btn-style_1\" href=\"https:\/\/www.compratusegurodevida.com\/en\/obten-un-seguro-de-vida\/\"><span class=\"w-btn-label\">Get life insurance<\/span><\/a><\/div><\/div><\/div><\/div><\/div><\/section>","protected":false},"excerpt":{"rendered":"Asegura tu futuro y el de tu familia hoy En la vida, queremos que nuestros seres queridos est\u00e9n seguros, sin importar lo que ocurra. Nuestro seguro de vida no solo proporciona tranquilidad financiera en situaciones adversas, sino que tambi\u00e9n ofrece cobertura integral ante enfermedades cr\u00f3nicas, cr\u00edticas, terminales, y cr\u00edticas por accidentes. Con nuestras p\u00f3lizas &#8216;Flex...","protected":false},"author":1,"featured_media":9600,"parent":0,"menu_order":0,"comment_status":"closed","ping_status":"closed","template":"","meta":{"_joinchat":[],"footnotes":""},"class_list":["post-171","page","type-page","status-publish","has-post-thumbnail","hentry"],"aioseo_notices":[],"_links":{"self":[{"href":"https:\/\/www.compratusegurodevida.com\/en\/wp-json\/wp\/v2\/pages\/171","targetHints":{"allow":["GET"]}}],"collection":[{"href":"https:\/\/www.compratusegurodevida.com\/en\/wp-json\/wp\/v2\/pages"}],"about":[{"href":"https:\/\/www.compratusegurodevida.com\/en\/wp-json\/wp\/v2\/types\/page"}],"author":[{"embeddable":true,"href":"https:\/\/www.compratusegurodevida.com\/en\/wp-json\/wp\/v2\/users\/1"}],"replies":[{"embeddable":true,"href":"https:\/\/www.compratusegurodevida.com\/en\/wp-json\/wp\/v2\/comments?post=171"}],"version-history":[{"count":19,"href":"https:\/\/www.compratusegurodevida.com\/en\/wp-json\/wp\/v2\/pages\/171\/revisions"}],"predecessor-version":[{"id":9595,"href":"https:\/\/www.compratusegurodevida.com\/en\/wp-json\/wp\/v2\/pages\/171\/revisions\/9595"}],"wp:featuredmedia":[{"embeddable":true,"href":"https:\/\/www.compratusegurodevida.com\/en\/wp-json\/wp\/v2\/media\/9600"}],"wp:attachment":[{"href":"https:\/\/www.compratusegurodevida.com\/en\/wp-json\/wp\/v2\/media?parent=171"}],"curies":[{"name":"wp","href":"https:\/\/api.w.org\/{rel}","templated":true}]}}